{"id":129,"date":"2024-01-25T11:18:54","date_gmt":"2024-01-25T10:18:54","guid":{"rendered":"https:\/\/lexodont.hu\/behandlinger\/"},"modified":"2024-02-07T15:28:37","modified_gmt":"2024-02-07T14:28:37","slug":"behandlinger","status":"publish","type":"page","link":"https:\/\/lexodont.hu\/da\/behandlinger\/","title":{"rendered":"Behandlinger"},"content":{"rendered":"<p>Vores m\u00e5l at bevare patienternes egne t\u00e6nder hele livet.<br \/>\nF\u00f8r vi g\u00e5r i gang med behandlingen, sikrer vi at patienten og tandl\u00e6gen har forst\u00e5et hinanden,<br \/>\nog er enige om behandlingsprocessen.<br \/>\nHvis du lider af tandl\u00e6geskr\u00e6k, bliver du taget alvorligt hos os. Selvf\u00f8lgelig bliver du<br \/>\nbehandlet uden smerter.<br \/>\nDer er muligt at lave tandfyldninger kosmetisk smukt med farvem\u00e6ssigt tilpassende<br \/>\nfyldningsmateriale. S\u00e5 det g\u00f8r vi. Der bruges ikke s\u00f8lvfyldninger p\u00e5 klinikken. Vi tilbyder<br \/>\nflere former for tandfarvede restaureringer.<br \/>\nInlays eller kroner bruges, hvis du har en rodfyldning eller en meget sv\u00e6kket tand.<\/p>\n<p>Vi tilbyder b\u00e5de broer eller implantatl\u00f8sninger, hvis du mangler en eller flere t\u00e6nder.<\/p>\n<p>Parodontose: Antallet af patienter, der har brug for parodontosebehandling, stiger markant.<br \/>\nDet er derfor vigtigt for tandsundheden at holde rent imellem t\u00e6nderne.<br \/>\nHvis du har problemer med tandk\u00f8det, m\u00e5ler vi dine tandk\u00f8dslommer omkring t\u00e6nderne. Da<br \/>\nvi g\u00f8r en dyd ud af at bevare t\u00e6nderne, udf\u00f8rer vi derefter efter behov et stort antal<br \/>\ntandrodsrensninger og tilbyder parodontosekirurgi.<\/p>\n","protected":false},"excerpt":{"rendered":"<p>Vores m\u00e5l at bevare patienternes egne t\u00e6nder hele livet. F\u00f8r vi g\u00e5r i gang med behandlingen, sikrer vi at patienten og tandl\u00e6gen har forst\u00e5et hinanden, og er enige om behandlingsprocessen. Hvis du lider af tandl\u00e6geskr\u00e6k, bliver du taget alvorligt hos os. Selvf\u00f8lgelig bliver du behandlet uden smerter. Der er muligt at lave tandfyldninger kosmetisk smukt [&hellip;]<\/p>\n","protected":false},"author":1,"featured_media":247,"parent":0,"menu_order":0,"comment_status":"closed","ping_status":"closed","template":"page-kezelesek.php","meta":[],"yoast_head":"<!-- This site is optimized with the Yoast SEO plugin v20.11 - https:\/\/yoast.com\/wordpress\/plugins\/seo\/ -->\n<title>Behandlinger - Lexodont Dandkirurgi<\/title>\n<meta name=\"description\" content=\"Vores m\u00e5l at bevare patienternes egne t\u00e6nder hele livet.F\u00f8r vi g\u00e5r i gang med behandlingen, sikrer vi at patienten og tandl\u00e6gen har forst\u00e5et hinanden,og er enige om behandlingsprocessen.\" \/>\n<meta name=\"robots\" content=\"index, follow, max-snippet:-1, max-image-preview:large, max-video-preview:-1\" \/>\n<link rel=\"canonical\" href=\"https:\/\/lexodont.hu\/da\/behandlinger\/\" \/>\n<meta property=\"og:locale\" content=\"da_DK\" \/>\n<meta property=\"og:type\" content=\"article\" \/>\n<meta property=\"og:title\" content=\"Behandlinger - Lexodont Dandkirurgi\" \/>\n<meta property=\"og:description\" content=\"Vores m\u00e5l at bevare patienternes egne t\u00e6nder hele livet.F\u00f8r vi g\u00e5r i gang med behandlingen, sikrer vi at patienten og tandl\u00e6gen har forst\u00e5et hinanden,og er enige om behandlingsprocessen.\" \/>\n<meta property=\"og:url\" content=\"https:\/\/lexodont.hu\/da\/behandlinger\/\" \/>\n<meta property=\"og:site_name\" content=\"Lexodont Dandkirurgi\" \/>\n<meta property=\"article:modified_time\" content=\"2024-02-07T14:28:37+00:00\" \/>\n<meta property=\"og:image\" content=\"https:\/\/lexodont.hu\/uploads\/2024\/02\/rendelo-1.jpg\" \/>\n\t<meta property=\"og:image:width\" content=\"1800\" \/>\n\t<meta property=\"og:image:height\" content=\"1200\" \/>\n\t<meta property=\"og:image:type\" content=\"image\/jpeg\" \/>\n<meta name=\"twitter:card\" content=\"summary_large_image\" \/>\n<meta name=\"twitter:label1\" content=\"Est. reading time\" \/>\n\t<meta name=\"twitter:data1\" content=\"1 minute\" \/>\n<script type=\"application\/ld+json\" class=\"yoast-schema-graph\">{\"@context\":\"https:\/\/schema.org\",\"@graph\":[{\"@type\":\"WebPage\",\"@id\":\"https:\/\/lexodont.hu\/da\/behandlinger\/\",\"url\":\"https:\/\/lexodont.hu\/da\/behandlinger\/\",\"name\":\"Behandlinger - Lexodont Dandkirurgi\",\"isPartOf\":{\"@id\":\"https:\/\/lexodont.hu\/da\/#website\"},\"datePublished\":\"2024-01-25T10:18:54+00:00\",\"dateModified\":\"2024-02-07T14:28:37+00:00\",\"description\":\"Vores m\u00e5l at bevare patienternes egne t\u00e6nder hele livet.F\u00f8r vi g\u00e5r i gang med behandlingen, sikrer vi at patienten og tandl\u00e6gen har forst\u00e5et hinanden,og er enige om behandlingsprocessen.\",\"breadcrumb\":{\"@id\":\"https:\/\/lexodont.hu\/da\/behandlinger\/#breadcrumb\"},\"inLanguage\":\"da-DK\",\"potentialAction\":[{\"@type\":\"ReadAction\",\"target\":[\"https:\/\/lexodont.hu\/da\/behandlinger\/\"]}]},{\"@type\":\"BreadcrumbList\",\"@id\":\"https:\/\/lexodont.hu\/da\/behandlinger\/#breadcrumb\",\"itemListElement\":[{\"@type\":\"ListItem\",\"position\":1,\"name\":\"Home\",\"item\":\"https:\/\/lexodont.hu\/da\/\"},{\"@type\":\"ListItem\",\"position\":2,\"name\":\"Behandlinger\"}]},{\"@type\":\"WebSite\",\"@id\":\"https:\/\/lexodont.hu\/da\/#website\",\"url\":\"https:\/\/lexodont.hu\/da\/\",\"name\":\"Lexodont Fogorvosi Rendel\u0151\",\"description\":\"Lexodont Dandkirurgi\",\"potentialAction\":[{\"@type\":\"SearchAction\",\"target\":{\"@type\":\"EntryPoint\",\"urlTemplate\":\"https:\/\/lexodont.hu\/da\/?s={search_term_string}\"},\"query-input\":\"required name=search_term_string\"}],\"inLanguage\":\"da-DK\"}]}<\/script>\n<!-- \/ Yoast SEO plugin. -->","yoast_head_json":{"title":"Behandlinger - Lexodont Dandkirurgi","description":"Vores m\u00e5l at bevare patienternes egne t\u00e6nder hele livet.F\u00f8r vi g\u00e5r i gang med behandlingen, sikrer vi at patienten og tandl\u00e6gen har forst\u00e5et hinanden,og er enige om behandlingsprocessen.","robots":{"index":"index","follow":"follow","max-snippet":"max-snippet:-1","max-image-preview":"max-image-preview:large","max-video-preview":"max-video-preview:-1"},"canonical":"https:\/\/lexodont.hu\/da\/behandlinger\/","og_locale":"da_DK","og_type":"article","og_title":"Behandlinger - Lexodont Dandkirurgi","og_description":"Vores m\u00e5l at bevare patienternes egne t\u00e6nder hele livet.F\u00f8r vi g\u00e5r i gang med behandlingen, sikrer vi at patienten og tandl\u00e6gen har forst\u00e5et hinanden,og er enige om behandlingsprocessen.","og_url":"https:\/\/lexodont.hu\/da\/behandlinger\/","og_site_name":"Lexodont Dandkirurgi","article_modified_time":"2024-02-07T14:28:37+00:00","og_image":[{"width":1800,"height":1200,"url":"https:\/\/lexodont.hu\/uploads\/2024\/02\/rendelo-1.jpg","type":"image\/jpeg"}],"twitter_card":"summary_large_image","twitter_misc":{"Est. reading time":"1 minute"},"schema":{"@context":"https:\/\/schema.org","@graph":[{"@type":"WebPage","@id":"https:\/\/lexodont.hu\/da\/behandlinger\/","url":"https:\/\/lexodont.hu\/da\/behandlinger\/","name":"Behandlinger - Lexodont Dandkirurgi","isPartOf":{"@id":"https:\/\/lexodont.hu\/da\/#website"},"datePublished":"2024-01-25T10:18:54+00:00","dateModified":"2024-02-07T14:28:37+00:00","description":"Vores m\u00e5l at bevare patienternes egne t\u00e6nder hele livet.F\u00f8r vi g\u00e5r i gang med behandlingen, sikrer vi at patienten og tandl\u00e6gen har forst\u00e5et hinanden,og er enige om behandlingsprocessen.","breadcrumb":{"@id":"https:\/\/lexodont.hu\/da\/behandlinger\/#breadcrumb"},"inLanguage":"da-DK","potentialAction":[{"@type":"ReadAction","target":["https:\/\/lexodont.hu\/da\/behandlinger\/"]}]},{"@type":"BreadcrumbList","@id":"https:\/\/lexodont.hu\/da\/behandlinger\/#breadcrumb","itemListElement":[{"@type":"ListItem","position":1,"name":"Home","item":"https:\/\/lexodont.hu\/da\/"},{"@type":"ListItem","position":2,"name":"Behandlinger"}]},{"@type":"WebSite","@id":"https:\/\/lexodont.hu\/da\/#website","url":"https:\/\/lexodont.hu\/da\/","name":"Lexodont Fogorvosi Rendel\u0151","description":"Lexodont Dandkirurgi","potentialAction":[{"@type":"SearchAction","target":{"@type":"EntryPoint","urlTemplate":"https:\/\/lexodont.hu\/da\/?s={search_term_string}"},"query-input":"required name=search_term_string"}],"inLanguage":"da-DK"}]}},"_links":{"self":[{"href":"https:\/\/lexodont.hu\/da\/wp-json\/wp\/v2\/pages\/129"}],"collection":[{"href":"https:\/\/lexodont.hu\/da\/wp-json\/wp\/v2\/pages"}],"about":[{"href":"https:\/\/lexodont.hu\/da\/wp-json\/wp\/v2\/types\/page"}],"author":[{"embeddable":true,"href":"https:\/\/lexodont.hu\/da\/wp-json\/wp\/v2\/users\/1"}],"replies":[{"embeddable":true,"href":"https:\/\/lexodont.hu\/da\/wp-json\/wp\/v2\/comments?post=129"}],"version-history":[{"count":2,"href":"https:\/\/lexodont.hu\/da\/wp-json\/wp\/v2\/pages\/129\/revisions"}],"predecessor-version":[{"id":260,"href":"https:\/\/lexodont.hu\/da\/wp-json\/wp\/v2\/pages\/129\/revisions\/260"}],"wp:featuredmedia":[{"embeddable":true,"href":"https:\/\/lexodont.hu\/da\/wp-json\/wp\/v2\/media\/247"}],"wp:attachment":[{"href":"https:\/\/lexodont.hu\/da\/wp-json\/wp\/v2\/media?parent=129"}],"curies":[{"name":"wp","href":"https:\/\/api.w.org\/{rel}","templated":true}]}}