{"id":131,"date":"2024-01-25T11:43:09","date_gmt":"2024-01-25T10:43:09","guid":{"rendered":"https:\/\/lexodont.hu\/personale\/"},"modified":"2024-02-07T15:31:21","modified_gmt":"2024-02-07T14:31:21","slug":"personale","status":"publish","type":"page","link":"https:\/\/lexodont.hu\/da\/personale\/","title":{"rendered":"Personale"},"content":{"rendered":"","protected":false},"excerpt":{"rendered":"","protected":false},"author":1,"featured_media":247,"parent":0,"menu_order":0,"comment_status":"closed","ping_status":"closed","template":"page-bemutatkozas.php","meta":[],"yoast_head":"<!-- This site is optimized with the Yoast SEO plugin v20.11 - https:\/\/yoast.com\/wordpress\/plugins\/seo\/ -->\n<title>Personale - Lexodont Dandkirurgi<\/title>\n<meta name=\"description\" content=\"Siden 2016 har jeg v\u00e6ret ejende tandl\u00e6ge af Lexodont.Udover min normale tandl\u00e6geuddannelse, er jeg er uddannet specialtandl\u00e6ge indenfor parodontologi, tandbevarende l\u00f8sninger og protetik.Fra klinikken udf\u00f8rer jeg en lang r\u00e6kke moderne og komplekse behandlinger.\" \/>\n<meta name=\"robots\" content=\"index, follow, max-snippet:-1, max-image-preview:large, max-video-preview:-1\" \/>\n<link rel=\"canonical\" href=\"https:\/\/lexodont.hu\/da\/personale\/\" \/>\n<meta property=\"og:locale\" content=\"da_DK\" \/>\n<meta property=\"og:type\" content=\"article\" \/>\n<meta property=\"og:title\" content=\"Personale - Lexodont Dandkirurgi\" \/>\n<meta property=\"og:description\" content=\"Siden 2016 har jeg v\u00e6ret ejende tandl\u00e6ge af Lexodont.Udover min normale tandl\u00e6geuddannelse, er jeg er uddannet specialtandl\u00e6ge indenfor parodontologi, tandbevarende l\u00f8sninger og protetik.Fra klinikken udf\u00f8rer jeg en lang r\u00e6kke moderne og komplekse behandlinger.\" \/>\n<meta property=\"og:url\" content=\"https:\/\/lexodont.hu\/da\/personale\/\" \/>\n<meta property=\"og:site_name\" content=\"Lexodont Dandkirurgi\" \/>\n<meta property=\"article:modified_time\" content=\"2024-02-07T14:31:21+00:00\" \/>\n<meta property=\"og:image\" content=\"https:\/\/lexodont.hu\/uploads\/2024\/02\/rendelo-1.jpg\" \/>\n\t<meta property=\"og:image:width\" content=\"1800\" \/>\n\t<meta property=\"og:image:height\" content=\"1200\" \/>\n\t<meta property=\"og:image:type\" content=\"image\/jpeg\" \/>\n<meta name=\"twitter:card\" content=\"summary_large_image\" \/>\n<script type=\"application\/ld+json\" class=\"yoast-schema-graph\">{\"@context\":\"https:\/\/schema.org\",\"@graph\":[{\"@type\":\"WebPage\",\"@id\":\"https:\/\/lexodont.hu\/da\/personale\/\",\"url\":\"https:\/\/lexodont.hu\/da\/personale\/\",\"name\":\"Personale - Lexodont Dandkirurgi\",\"isPartOf\":{\"@id\":\"https:\/\/lexodont.hu\/da\/#website\"},\"datePublished\":\"2024-01-25T10:43:09+00:00\",\"dateModified\":\"2024-02-07T14:31:21+00:00\",\"description\":\"Siden 2016 har jeg v\u00e6ret ejende tandl\u00e6ge af Lexodont.Udover min normale tandl\u00e6geuddannelse, er jeg er uddannet specialtandl\u00e6ge indenfor parodontologi, tandbevarende l\u00f8sninger og protetik.Fra klinikken udf\u00f8rer jeg en lang r\u00e6kke moderne og komplekse behandlinger.\",\"breadcrumb\":{\"@id\":\"https:\/\/lexodont.hu\/da\/personale\/#breadcrumb\"},\"inLanguage\":\"da-DK\",\"potentialAction\":[{\"@type\":\"ReadAction\",\"target\":[\"https:\/\/lexodont.hu\/da\/personale\/\"]}]},{\"@type\":\"BreadcrumbList\",\"@id\":\"https:\/\/lexodont.hu\/da\/personale\/#breadcrumb\",\"itemListElement\":[{\"@type\":\"ListItem\",\"position\":1,\"name\":\"Home\",\"item\":\"https:\/\/lexodont.hu\/da\/\"},{\"@type\":\"ListItem\",\"position\":2,\"name\":\"Personale\"}]},{\"@type\":\"WebSite\",\"@id\":\"https:\/\/lexodont.hu\/da\/#website\",\"url\":\"https:\/\/lexodont.hu\/da\/\",\"name\":\"Lexodont Fogorvosi Rendel\u0151\",\"description\":\"Lexodont Dandkirurgi\",\"potentialAction\":[{\"@type\":\"SearchAction\",\"target\":{\"@type\":\"EntryPoint\",\"urlTemplate\":\"https:\/\/lexodont.hu\/da\/?s={search_term_string}\"},\"query-input\":\"required name=search_term_string\"}],\"inLanguage\":\"da-DK\"}]}<\/script>\n<!-- \/ Yoast SEO plugin. -->","yoast_head_json":{"title":"Personale - Lexodont Dandkirurgi","description":"Siden 2016 har jeg v\u00e6ret ejende tandl\u00e6ge af Lexodont.Udover min normale tandl\u00e6geuddannelse, er jeg er uddannet specialtandl\u00e6ge indenfor parodontologi, tandbevarende l\u00f8sninger og protetik.Fra klinikken udf\u00f8rer jeg en lang r\u00e6kke moderne og komplekse behandlinger.","robots":{"index":"index","follow":"follow","max-snippet":"max-snippet:-1","max-image-preview":"max-image-preview:large","max-video-preview":"max-video-preview:-1"},"canonical":"https:\/\/lexodont.hu\/da\/personale\/","og_locale":"da_DK","og_type":"article","og_title":"Personale - Lexodont Dandkirurgi","og_description":"Siden 2016 har jeg v\u00e6ret ejende tandl\u00e6ge af Lexodont.Udover min normale tandl\u00e6geuddannelse, er jeg er uddannet specialtandl\u00e6ge indenfor parodontologi, tandbevarende l\u00f8sninger og protetik.Fra klinikken udf\u00f8rer jeg en lang r\u00e6kke moderne og komplekse behandlinger.","og_url":"https:\/\/lexodont.hu\/da\/personale\/","og_site_name":"Lexodont Dandkirurgi","article_modified_time":"2024-02-07T14:31:21+00:00","og_image":[{"width":1800,"height":1200,"url":"https:\/\/lexodont.hu\/uploads\/2024\/02\/rendelo-1.jpg","type":"image\/jpeg"}],"twitter_card":"summary_large_image","schema":{"@context":"https:\/\/schema.org","@graph":[{"@type":"WebPage","@id":"https:\/\/lexodont.hu\/da\/personale\/","url":"https:\/\/lexodont.hu\/da\/personale\/","name":"Personale - Lexodont Dandkirurgi","isPartOf":{"@id":"https:\/\/lexodont.hu\/da\/#website"},"datePublished":"2024-01-25T10:43:09+00:00","dateModified":"2024-02-07T14:31:21+00:00","description":"Siden 2016 har jeg v\u00e6ret ejende tandl\u00e6ge af Lexodont.Udover min normale tandl\u00e6geuddannelse, er jeg er uddannet specialtandl\u00e6ge indenfor parodontologi, tandbevarende l\u00f8sninger og protetik.Fra klinikken udf\u00f8rer jeg en lang r\u00e6kke moderne og komplekse behandlinger.","breadcrumb":{"@id":"https:\/\/lexodont.hu\/da\/personale\/#breadcrumb"},"inLanguage":"da-DK","potentialAction":[{"@type":"ReadAction","target":["https:\/\/lexodont.hu\/da\/personale\/"]}]},{"@type":"BreadcrumbList","@id":"https:\/\/lexodont.hu\/da\/personale\/#breadcrumb","itemListElement":[{"@type":"ListItem","position":1,"name":"Home","item":"https:\/\/lexodont.hu\/da\/"},{"@type":"ListItem","position":2,"name":"Personale"}]},{"@type":"WebSite","@id":"https:\/\/lexodont.hu\/da\/#website","url":"https:\/\/lexodont.hu\/da\/","name":"Lexodont Fogorvosi Rendel\u0151","description":"Lexodont Dandkirurgi","potentialAction":[{"@type":"SearchAction","target":{"@type":"EntryPoint","urlTemplate":"https:\/\/lexodont.hu\/da\/?s={search_term_string}"},"query-input":"required name=search_term_string"}],"inLanguage":"da-DK"}]}},"_links":{"self":[{"href":"https:\/\/lexodont.hu\/da\/wp-json\/wp\/v2\/pages\/131"}],"collection":[{"href":"https:\/\/lexodont.hu\/da\/wp-json\/wp\/v2\/pages"}],"about":[{"href":"https:\/\/lexodont.hu\/da\/wp-json\/wp\/v2\/types\/page"}],"author":[{"embeddable":true,"href":"https:\/\/lexodont.hu\/da\/wp-json\/wp\/v2\/users\/1"}],"replies":[{"embeddable":true,"href":"https:\/\/lexodont.hu\/da\/wp-json\/wp\/v2\/comments?post=131"}],"version-history":[{"count":1,"href":"https:\/\/lexodont.hu\/da\/wp-json\/wp\/v2\/pages\/131\/revisions"}],"predecessor-version":[{"id":262,"href":"https:\/\/lexodont.hu\/da\/wp-json\/wp\/v2\/pages\/131\/revisions\/262"}],"wp:featuredmedia":[{"embeddable":true,"href":"https:\/\/lexodont.hu\/da\/wp-json\/wp\/v2\/media\/247"}],"wp:attachment":[{"href":"https:\/\/lexodont.hu\/da\/wp-json\/wp\/v2\/media?parent=131"}],"curies":[{"name":"wp","href":"https:\/\/api.w.org\/{rel}","templated":true}]}}