{"id":132,"date":"2024-01-25T11:43:09","date_gmt":"2024-01-25T10:43:09","guid":{"rendered":"https:\/\/lexodont.hu\/ueber-uns\/"},"modified":"2024-02-07T15:15:55","modified_gmt":"2024-02-07T14:15:55","slug":"ueber-uns","status":"publish","type":"page","link":"https:\/\/lexodont.hu\/de\/ueber-uns\/","title":{"rendered":"\u00dcber uns"},"content":{"rendered":"","protected":false},"excerpt":{"rendered":"","protected":false},"author":1,"featured_media":249,"parent":0,"menu_order":0,"comment_status":"closed","ping_status":"closed","template":"page-bemutatkozas.php","meta":[],"yoast_head":"<!-- This site is optimized with the Yoast SEO plugin v20.11 - https:\/\/yoast.com\/wordpress\/plugins\/seo\/ -->\n<title>\u00dcber uns - Lexodont Zahnarztpraxis<\/title>\n<meta name=\"description\" content=\"Die Praxis Lexodont \u00f6ffnete ich im Jahre 2016 mit dem Ziel f\u00fcr meine Patienten allermodernste Verpflegung gew\u00e4hrleisten zu k\u00f6nnen.F\u00fcr mich ist ausserordentlich wichtig, dass wir jeden einzelnen Fall detailliert besprechen und zusammen eine gute L\u00f6sung w\u00e4hlen k\u00f6nnen, die dem Interesse der Patienten dienen mit denen sie langfristig zufrieden sein k\u00f6nnen.\" \/>\n<meta name=\"robots\" content=\"index, follow, max-snippet:-1, max-image-preview:large, max-video-preview:-1\" \/>\n<link rel=\"canonical\" href=\"https:\/\/lexodont.hu\/de\/ueber-uns\/\" \/>\n<meta property=\"og:locale\" content=\"de_DE\" \/>\n<meta property=\"og:type\" content=\"article\" \/>\n<meta property=\"og:title\" content=\"\u00dcber uns - Lexodont Zahnarztpraxis\" \/>\n<meta property=\"og:description\" content=\"Die Praxis Lexodont \u00f6ffnete ich im Jahre 2016 mit dem Ziel f\u00fcr meine Patienten allermodernste Verpflegung gew\u00e4hrleisten zu k\u00f6nnen.F\u00fcr mich ist ausserordentlich wichtig, dass wir jeden einzelnen Fall detailliert besprechen und zusammen eine gute L\u00f6sung w\u00e4hlen k\u00f6nnen, die dem Interesse der Patienten dienen mit denen sie langfristig zufrieden sein k\u00f6nnen.\" \/>\n<meta property=\"og:url\" content=\"https:\/\/lexodont.hu\/de\/ueber-uns\/\" \/>\n<meta property=\"og:site_name\" content=\"Lexodont Zahnarztpraxis\" \/>\n<meta property=\"article:modified_time\" content=\"2024-02-07T14:15:55+00:00\" \/>\n<meta property=\"og:image\" content=\"https:\/\/lexodont.hu\/uploads\/2024\/02\/rendelo-1.jpg\" \/>\n\t<meta property=\"og:image:width\" content=\"1800\" \/>\n\t<meta property=\"og:image:height\" content=\"1200\" \/>\n\t<meta property=\"og:image:type\" content=\"image\/jpeg\" \/>\n<meta name=\"twitter:card\" content=\"summary_large_image\" \/>\n<script type=\"application\/ld+json\" class=\"yoast-schema-graph\">{\"@context\":\"https:\/\/schema.org\",\"@graph\":[{\"@type\":\"WebPage\",\"@id\":\"https:\/\/lexodont.hu\/de\/ueber-uns\/\",\"url\":\"https:\/\/lexodont.hu\/de\/ueber-uns\/\",\"name\":\"\u00dcber uns - Lexodont Zahnarztpraxis\",\"isPartOf\":{\"@id\":\"https:\/\/lexodont.hu\/de\/#website\"},\"datePublished\":\"2024-01-25T10:43:09+00:00\",\"dateModified\":\"2024-02-07T14:15:55+00:00\",\"description\":\"Die Praxis Lexodont \u00f6ffnete ich im Jahre 2016 mit dem Ziel f\u00fcr meine Patienten allermodernste Verpflegung gew\u00e4hrleisten zu k\u00f6nnen.F\u00fcr mich ist ausserordentlich wichtig, dass wir jeden einzelnen Fall detailliert besprechen und zusammen eine gute L\u00f6sung w\u00e4hlen k\u00f6nnen, die dem Interesse der Patienten dienen mit denen sie langfristig zufrieden sein k\u00f6nnen.\",\"breadcrumb\":{\"@id\":\"https:\/\/lexodont.hu\/de\/ueber-uns\/#breadcrumb\"},\"inLanguage\":\"de-DE\",\"potentialAction\":[{\"@type\":\"ReadAction\",\"target\":[\"https:\/\/lexodont.hu\/de\/ueber-uns\/\"]}]},{\"@type\":\"BreadcrumbList\",\"@id\":\"https:\/\/lexodont.hu\/de\/ueber-uns\/#breadcrumb\",\"itemListElement\":[{\"@type\":\"ListItem\",\"position\":1,\"name\":\"Home\",\"item\":\"https:\/\/lexodont.hu\/de\/\"},{\"@type\":\"ListItem\",\"position\":2,\"name\":\"\u00dcber uns\"}]},{\"@type\":\"WebSite\",\"@id\":\"https:\/\/lexodont.hu\/de\/#website\",\"url\":\"https:\/\/lexodont.hu\/de\/\",\"name\":\"Lexodont Fogorvosi Rendel\u0151\",\"description\":\"Lexodont Zahnarztpraxis\",\"potentialAction\":[{\"@type\":\"SearchAction\",\"target\":{\"@type\":\"EntryPoint\",\"urlTemplate\":\"https:\/\/lexodont.hu\/de\/?s={search_term_string}\"},\"query-input\":\"required name=search_term_string\"}],\"inLanguage\":\"de-DE\"}]}<\/script>\n<!-- \/ Yoast SEO plugin. -->","yoast_head_json":{"title":"\u00dcber uns - Lexodont Zahnarztpraxis","description":"Die Praxis Lexodont \u00f6ffnete ich im Jahre 2016 mit dem Ziel f\u00fcr meine Patienten allermodernste Verpflegung gew\u00e4hrleisten zu k\u00f6nnen.F\u00fcr mich ist ausserordentlich wichtig, dass wir jeden einzelnen Fall detailliert besprechen und zusammen eine gute L\u00f6sung w\u00e4hlen k\u00f6nnen, die dem Interesse der Patienten dienen mit denen sie langfristig zufrieden sein k\u00f6nnen.","robots":{"index":"index","follow":"follow","max-snippet":"max-snippet:-1","max-image-preview":"max-image-preview:large","max-video-preview":"max-video-preview:-1"},"canonical":"https:\/\/lexodont.hu\/de\/ueber-uns\/","og_locale":"de_DE","og_type":"article","og_title":"\u00dcber uns - Lexodont Zahnarztpraxis","og_description":"Die Praxis Lexodont \u00f6ffnete ich im Jahre 2016 mit dem Ziel f\u00fcr meine Patienten allermodernste Verpflegung gew\u00e4hrleisten zu k\u00f6nnen.F\u00fcr mich ist ausserordentlich wichtig, dass wir jeden einzelnen Fall detailliert besprechen und zusammen eine gute L\u00f6sung w\u00e4hlen k\u00f6nnen, die dem Interesse der Patienten dienen mit denen sie langfristig zufrieden sein k\u00f6nnen.","og_url":"https:\/\/lexodont.hu\/de\/ueber-uns\/","og_site_name":"Lexodont Zahnarztpraxis","article_modified_time":"2024-02-07T14:15:55+00:00","og_image":[{"width":1800,"height":1200,"url":"https:\/\/lexodont.hu\/uploads\/2024\/02\/rendelo-1.jpg","type":"image\/jpeg"}],"twitter_card":"summary_large_image","schema":{"@context":"https:\/\/schema.org","@graph":[{"@type":"WebPage","@id":"https:\/\/lexodont.hu\/de\/ueber-uns\/","url":"https:\/\/lexodont.hu\/de\/ueber-uns\/","name":"\u00dcber uns - Lexodont Zahnarztpraxis","isPartOf":{"@id":"https:\/\/lexodont.hu\/de\/#website"},"datePublished":"2024-01-25T10:43:09+00:00","dateModified":"2024-02-07T14:15:55+00:00","description":"Die Praxis Lexodont \u00f6ffnete ich im Jahre 2016 mit dem Ziel f\u00fcr meine Patienten allermodernste Verpflegung gew\u00e4hrleisten zu k\u00f6nnen.F\u00fcr mich ist ausserordentlich wichtig, dass wir jeden einzelnen Fall detailliert besprechen und zusammen eine gute L\u00f6sung w\u00e4hlen k\u00f6nnen, die dem Interesse der Patienten dienen mit denen sie langfristig zufrieden sein k\u00f6nnen.","breadcrumb":{"@id":"https:\/\/lexodont.hu\/de\/ueber-uns\/#breadcrumb"},"inLanguage":"de-DE","potentialAction":[{"@type":"ReadAction","target":["https:\/\/lexodont.hu\/de\/ueber-uns\/"]}]},{"@type":"BreadcrumbList","@id":"https:\/\/lexodont.hu\/de\/ueber-uns\/#breadcrumb","itemListElement":[{"@type":"ListItem","position":1,"name":"Home","item":"https:\/\/lexodont.hu\/de\/"},{"@type":"ListItem","position":2,"name":"\u00dcber uns"}]},{"@type":"WebSite","@id":"https:\/\/lexodont.hu\/de\/#website","url":"https:\/\/lexodont.hu\/de\/","name":"Lexodont Fogorvosi Rendel\u0151","description":"Lexodont Zahnarztpraxis","potentialAction":[{"@type":"SearchAction","target":{"@type":"EntryPoint","urlTemplate":"https:\/\/lexodont.hu\/de\/?s={search_term_string}"},"query-input":"required name=search_term_string"}],"inLanguage":"de-DE"}]}},"_links":{"self":[{"href":"https:\/\/lexodont.hu\/de\/wp-json\/wp\/v2\/pages\/132"}],"collection":[{"href":"https:\/\/lexodont.hu\/de\/wp-json\/wp\/v2\/pages"}],"about":[{"href":"https:\/\/lexodont.hu\/de\/wp-json\/wp\/v2\/types\/page"}],"author":[{"embeddable":true,"href":"https:\/\/lexodont.hu\/de\/wp-json\/wp\/v2\/users\/1"}],"replies":[{"embeddable":true,"href":"https:\/\/lexodont.hu\/de\/wp-json\/wp\/v2\/comments?post=132"}],"version-history":[{"count":1,"href":"https:\/\/lexodont.hu\/de\/wp-json\/wp\/v2\/pages\/132\/revisions"}],"predecessor-version":[{"id":258,"href":"https:\/\/lexodont.hu\/de\/wp-json\/wp\/v2\/pages\/132\/revisions\/258"}],"wp:featuredmedia":[{"embeddable":true,"href":"https:\/\/lexodont.hu\/de\/wp-json\/wp\/v2\/media\/249"}],"wp:attachment":[{"href":"https:\/\/lexodont.hu\/de\/wp-json\/wp\/v2\/media?parent=132"}],"curies":[{"name":"wp","href":"https:\/\/api.w.org\/{rel}","templated":true}]}}