{"id":136,"date":"2024-01-25T11:30:59","date_gmt":"2024-01-25T10:30:59","guid":{"rendered":"https:\/\/lexodont.hu\/listepreis\/"},"modified":"2025-02-16T23:15:21","modified_gmt":"2025-02-16T22:15:21","slug":"listepreis","status":"publish","type":"page","link":"https:\/\/lexodont.hu\/de\/listepreis\/","title":{"rendered":"Listepreis"},"content":{"rendered":"<p>&nbsp;<\/p>\n<table class=\"table table-striped table-hover mx-auto d-table\">\n<thead>\n<tr>\n<th scope=\"col\">Kategorie<\/th>\n<th scope=\"col\">Behandlungen<\/th>\n<th class=\"text-end\" scope=\"col\">Preis (HUF)<\/th>\n<\/tr>\n<\/thead>\n<tbody>\n<tr>\n<td>Konsultation<\/td>\n<td><\/td>\n<td class=\"text-end\">15 000<\/td>\n<\/tr>\n<tr>\n<td>Kleine R\u00f6ntgenaufnahme<\/td>\n<td>Kleine\u00a0R\u00f6ntgenaufnahme<\/td>\n<td class=\"text-end\">5 000<\/td>\n<\/tr>\n<tr>\n<td>Panorama-R\u00f6ntgenaufnahme<\/td>\n<td>Panorama-R\u00f6ntgenaufnahme<\/td>\n<td class=\"text-end\">10 000<\/td>\n<\/tr>\n<tr>\n<td>\u00a0Zahnbehandlung<\/td>\n<td>Provisorische Kunststofff\u00fcllung<\/td>\n<td class=\"text-end\">15 000<\/td>\n<\/tr>\n<tr>\n<td>\u00a0Zahnbehandlung<\/td>\n<td>Kleine Kunststofff\u00fcllung<\/td>\n<td class=\"text-end\">35 000<\/td>\n<\/tr>\n<tr>\n<td>\u00a0Zahnbehandlung<\/td>\n<td>Mittel Kunststofff\u00fcllung<\/td>\n<td class=\"text-end\">45 000<\/td>\n<\/tr>\n<tr>\n<td>\u00a0Zahnbehandlung<\/td>\n<td>Gro\u00dfe Kunststofff\u00fcllung<\/td>\n<td class=\"text-end\">50 000<\/td>\n<\/tr>\n<tr>\n<td>\u00a0Zahnbehandlung<\/td>\n<td>Inlay ohne Gold<\/td>\n<td class=\"text-end\">135 000<\/td>\n<\/tr>\n<tr>\n<td>\u00a0Zahnbehandlung<\/td>\n<td>E-max Inlay<\/td>\n<td class=\"text-end\">145 000<\/td>\n<\/tr>\n<tr>\n<td>Endodontie<\/td>\n<td>Provisorische Wurzelf\u00fcllung<\/td>\n<td class=\"text-end\">10 000-30 000<\/td>\n<\/tr>\n<tr>\n<td>Endodontie<\/td>\n<td>Wurzelf\u00fcllung in einem Kanal<\/td>\n<td class=\"text-end\">48 000<\/td>\n<\/tr>\n<tr>\n<td>Endodontie<\/td>\n<td>Wurzelf\u00fcllung in zwei Kanale<\/td>\n<td class=\"text-end\">58 000<\/td>\n<\/tr>\n<tr>\n<td>Endodontie<\/td>\n<td>Wurzelf\u00fcllung in 3 oder mehr Kaneler<\/td>\n<td class=\"text-end\">68 000<\/td>\n<\/tr>\n<tr>\n<td>Protetik<\/td>\n<td>Lumineers Veneer<\/td>\n<td class=\"text-end\">500 EUR<\/td>\n<\/tr>\n<tr>\n<td>Protetik<\/td>\n<td>Provisorische Krone<\/td>\n<td class=\"text-end\">15 000- 33 000<\/td>\n<\/tr>\n<tr>\n<td>Protetik<\/td>\n<td>Metalkeramik Krone<\/td>\n<td class=\"text-end\">105 000<\/td>\n<\/tr>\n<tr>\n<td>Protetik<\/td>\n<td>Metalkeramik Kroneaufbau auf ein Implantat<\/td>\n<td class=\"text-end\">120 000<\/td>\n<\/tr>\n<tr>\n<td>Protetik<\/td>\n<td>Monolith Zirkonkrone<\/td>\n<td class=\"text-end\">140 000<\/td>\n<\/tr>\n<tr>\n<td>Protetik<\/td>\n<td>Zirkonkrone<\/td>\n<td class=\"text-end\">140 000<\/td>\n<\/tr>\n<tr>\n<td>Protetik<\/td>\n<td>Zirkonkrone auf ein Implantat<\/td>\n<td class=\"text-end\">275 000<\/td>\n<\/tr>\n<tr>\n<td>Protetik<\/td>\n<td>Metalstiftaufbau<\/td>\n<td class=\"text-end\">50 000<\/td>\n<\/tr>\n<tr>\n<td>Protetik<\/td>\n<td>CAD-CAM Provisorium<\/td>\n<td class=\"text-end\">33 000<\/td>\n<\/tr>\n<tr>\n<td>Protetik<\/td>\n<td>Maryland Br\u00fccke<\/td>\n<td class=\"text-end\">180 000<\/td>\n<\/tr>\n<tr>\n<td>Protetik<\/td>\n<td>Alte Krone entfernung<\/td>\n<td class=\"text-end\">10 000<\/td>\n<\/tr>\n<tr>\n<td>Protetik<\/td>\n<td>Wax-up pro St\u00fcck<\/td>\n<td class=\"text-end\">15 000<\/td>\n<\/tr>\n<tr>\n<td>Protetik<\/td>\n<td>Kleine provisorische Prothese<\/td>\n<td class=\"text-end\">50 000<\/td>\n<\/tr>\n<tr>\n<td>Protetik<\/td>\n<td>Prothese pro St\u00fcck<\/td>\n<td class=\"text-end\">230 000<\/td>\n<\/tr>\n<tr>\n<td>Protetik<\/td>\n<td>Prothese korrektion<\/td>\n<td class=\"text-end\">55 000<\/td>\n<\/tr>\n<tr>\n<td>Protetik<\/td>\n<td>Metalger\u00fcst<\/td>\n<td class=\"text-end\">175 000<\/td>\n<\/tr>\n<tr>\n<td>Protetik<\/td>\n<td>Geschiebe<\/td>\n<td class=\"text-end\">von 120 000<\/td>\n<\/tr>\n<tr>\n<td>Protetik<\/td>\n<td>Teleskop<\/td>\n<td class=\"text-end\">110 000<\/td>\n<\/tr>\n<tr>\n<td>Protetik<\/td>\n<td>Galvanteleskop<\/td>\n<td class=\"text-end\">150 000<\/td>\n<\/tr>\n<tr>\n<td>Protetik<\/td>\n<td>OVD<\/td>\n<td class=\"text-end\">77 000<\/td>\n<\/tr>\n<tr>\n<td>Protetik<\/td>\n<td>Nachtschinne<\/td>\n<td class=\"text-end\">90 000<\/td>\n<\/tr>\n<tr>\n<td>Kirurgie<\/td>\n<td>Zahnausziehen<\/td>\n<td class=\"text-end\">35 000<\/td>\n<\/tr>\n<tr>\n<td>Kirurgie<\/td>\n<td>Kirurgische Zahnausziehen<\/td>\n<td class=\"text-end\">45 000<\/td>\n<\/tr>\n<tr>\n<td>Kirurgie<\/td>\n<td>WeissheitsZahnausziehen<\/td>\n<td class=\"text-end\">50 000<\/td>\n<\/tr>\n<tr>\n<td>Kirurgie<\/td>\n<td>Wurzelspitzeresection (ein Wurzel)<\/td>\n<td class=\"text-end\">45 000<\/td>\n<\/tr>\n<tr>\n<td>Kirurgie<\/td>\n<td>Wurzelspitzeresection (2 W\u00fcrzel)<\/td>\n<td class=\"text-end\">55 000<\/td>\n<\/tr>\n<tr>\n<td>Kirurgie<\/td>\n<td>Implantat Nobel Biocare<\/td>\n<td class=\"text-end\">von 275 000<\/td>\n<\/tr>\n<tr>\n<td>Kirurgie<\/td>\n<td>Sofort Implantat<\/td>\n<td class=\"text-end\">von 300 000<\/td>\n<\/tr>\n<tr>\n<td>Kirurgie<\/td>\n<td>Knochenerzatzmittel<\/td>\n<td class=\"text-end\">60 000<\/td>\n<\/tr>\n<tr>\n<td>Kirurgie<\/td>\n<td>Geschlossene Kiferh\u00f6hle Kirurgie<\/td>\n<td class=\"text-end\">65 000<\/td>\n<\/tr>\n<tr>\n<td>Kirurgie<\/td>\n<td>\u00d6ffnete Kieferh\u00f6le Kirurgie<\/td>\n<td class=\"text-end\">von 200 000<\/td>\n<\/tr>\n<tr>\n<td>Kirurgie<\/td>\n<td>Knochenkirurgie<\/td>\n<td class=\"text-end\">von 190 000<\/td>\n<\/tr>\n<tr>\n<td>Kirurgie<\/td>\n<td>Fixationsschraube<\/td>\n<td class=\"text-end\">20 000<\/td>\n<\/tr>\n<tr>\n<td>Kirurgie<\/td>\n<td>Guided surgery<\/td>\n<td class=\"text-end\">200 000<\/td>\n<\/tr>\n<tr>\n<td>Kirurgie<\/td>\n<td>All-on-four<\/td>\n<td class=\"text-end\">Tagespreis<\/td>\n<\/tr>\n<tr>\n<td>Kirurgie<\/td>\n<td>Membran<\/td>\n<td class=\"text-end\">Tagespreis<\/td>\n<\/tr>\n<tr>\n<td>Kirurgie<\/td>\n<td>Locator<\/td>\n<td class=\"text-end\">100 000<\/td>\n<\/tr>\n<tr>\n<td>Kirurgie<\/td>\n<td>Bindegewebe Transplantation<\/td>\n<td class=\"text-end\">von 140 000<\/td>\n<\/tr>\n<tr>\n<td>Kirurgie<\/td>\n<td>Frenulotomie<\/td>\n<td class=\"text-end\">25 000<\/td>\n<\/tr>\n<tr>\n<td>Kirurgie<\/td>\n<td>Recessionskirurgie<\/td>\n<td class=\"text-end\">95 000<\/td>\n<\/tr>\n<tr>\n<td>Kirurgie<\/td>\n<td>Gingivale Kirurgie<\/td>\n<td class=\"text-end\">von 60 000<\/td>\n<\/tr>\n<tr>\n<td>Kirurgie<\/td>\n<td>Emdogain<\/td>\n<td class=\"text-end\">Tagespreis<\/td>\n<\/tr>\n<tr>\n<td>Kirurgie<\/td>\n<td>Curettage<\/td>\n<td class=\"text-end\">80 000<\/td>\n<\/tr>\n<tr>\n<td>Profilaxe<\/td>\n<td>Profilaxe\/EMS<\/td>\n<td>28 000\/40 000<\/td>\n<\/tr>\n<tr>\n<td>Orthodontie<\/td>\n<td>Orthodontische Behandlungsplan<\/td>\n<td class=\"text-end\">35 000<\/td>\n<\/tr>\n<tr>\n<td>Orthodontie<\/td>\n<td>Signature III. aesthetic Spange pro Kiefer<\/td>\n<td class=\"text-end\">320 000<\/td>\n<\/tr>\n<tr>\n<td>Orthodontie<\/td>\n<td>Aktivation<\/td>\n<td class=\"text-end\">20 000-30 000<\/td>\n<\/tr>\n<tr>\n<td>Orthodontie<\/td>\n<td>RMO mini LP Metal Spange pro Kiefer<\/td>\n<td class=\"text-end\">260 000<\/td>\n<\/tr>\n<tr>\n<td>Orthodontie<\/td>\n<td>ITTR lingual Spange<\/td>\n<td class=\"text-end\">320 000<\/td>\n<\/tr>\n<tr>\n<td>Orthodontie<\/td>\n<td>Retainer<\/td>\n<td class=\"text-end\">80 000<\/td>\n<\/tr>\n<tr>\n<td>Orthodontie<\/td>\n<td>Retainerreparatur<\/td>\n<td class=\"text-end\">15 000<\/td>\n<\/tr>\n<tr>\n<td>Orthodontie<\/td>\n<td>RMO Multi Family myofuncionale Trainer<\/td>\n<td class=\"text-end\">80 000<\/td>\n<\/tr>\n<tr>\n<td>Orthodontie<\/td>\n<td>Trainer Aktivation<\/td>\n<td class=\"text-end\">15 000<\/td>\n<\/tr>\n<\/tbody>\n<\/table>\n","protected":false},"excerpt":{"rendered":"<p>&nbsp; Kategorie Behandlungen Preis (HUF) Konsultation 15 000 Kleine R\u00f6ntgenaufnahme Kleine\u00a0R\u00f6ntgenaufnahme 5 000 Panorama-R\u00f6ntgenaufnahme Panorama-R\u00f6ntgenaufnahme 10 000 \u00a0Zahnbehandlung Provisorische Kunststofff\u00fcllung 15 000 \u00a0Zahnbehandlung Kleine Kunststofff\u00fcllung 35 000 \u00a0Zahnbehandlung Mittel Kunststofff\u00fcllung 45 000 \u00a0Zahnbehandlung Gro\u00dfe Kunststofff\u00fcllung 50 000 \u00a0Zahnbehandlung Inlay ohne Gold 135 000 \u00a0Zahnbehandlung E-max Inlay 145 000 Endodontie Provisorische Wurzelf\u00fcllung 10 000-30 000 Endodontie [&hellip;]<\/p>\n","protected":false},"author":1,"featured_media":249,"parent":0,"menu_order":0,"comment_status":"closed","ping_status":"closed","template":"page-arak.php","meta":[],"yoast_head":"<!-- This site is optimized with the Yoast SEO plugin v20.11 - https:\/\/yoast.com\/wordpress\/plugins\/seo\/ -->\n<title>Listepreis - Lexodont Zahnarztpraxis<\/title>\n<meta name=\"description\" content=\"Parodontologie: die Z\u00e4hne tragende Gewebe mit nicht chirurgischer und chirurgischer Behandlung | Konservierende Zahnmedizin: Plombieren, Einlagen (inlay, onlay) Herstellung | Endodontie: Wurzelbehandlung\" \/>\n<meta name=\"robots\" content=\"index, follow, max-snippet:-1, max-image-preview:large, max-video-preview:-1\" \/>\n<link rel=\"canonical\" href=\"https:\/\/lexodont.hu\/de\/listepreis\/\" \/>\n<meta property=\"og:locale\" content=\"de_DE\" \/>\n<meta property=\"og:type\" content=\"article\" \/>\n<meta property=\"og:title\" content=\"Listepreis - Lexodont Zahnarztpraxis\" \/>\n<meta property=\"og:description\" content=\"Parodontologie: die Z\u00e4hne tragende Gewebe mit nicht chirurgischer und chirurgischer Behandlung | Konservierende Zahnmedizin: Plombieren, Einlagen (inlay, onlay) Herstellung | Endodontie: Wurzelbehandlung\" \/>\n<meta property=\"og:url\" content=\"https:\/\/lexodont.hu\/de\/listepreis\/\" \/>\n<meta property=\"og:site_name\" content=\"Lexodont Zahnarztpraxis\" \/>\n<meta property=\"article:modified_time\" content=\"2025-02-16T22:15:21+00:00\" \/>\n<meta property=\"og:image\" content=\"https:\/\/lexodont.hu\/uploads\/2024\/02\/rendelo-1.jpg\" \/>\n\t<meta property=\"og:image:width\" content=\"1800\" \/>\n\t<meta property=\"og:image:height\" content=\"1200\" \/>\n\t<meta property=\"og:image:type\" content=\"image\/jpeg\" \/>\n<meta name=\"twitter:card\" content=\"summary_large_image\" \/>\n<meta name=\"twitter:label1\" content=\"Est. reading time\" \/>\n\t<meta name=\"twitter:data1\" content=\"2 minutes\" \/>\n<script type=\"application\/ld+json\" class=\"yoast-schema-graph\">{\"@context\":\"https:\/\/schema.org\",\"@graph\":[{\"@type\":\"WebPage\",\"@id\":\"https:\/\/lexodont.hu\/de\/listepreis\/\",\"url\":\"https:\/\/lexodont.hu\/de\/listepreis\/\",\"name\":\"Listepreis - Lexodont Zahnarztpraxis\",\"isPartOf\":{\"@id\":\"https:\/\/lexodont.hu\/de\/#website\"},\"datePublished\":\"2024-01-25T10:30:59+00:00\",\"dateModified\":\"2025-02-16T22:15:21+00:00\",\"description\":\"Parodontologie: die Z\u00e4hne tragende Gewebe mit nicht chirurgischer und chirurgischer Behandlung | Konservierende Zahnmedizin: Plombieren, Einlagen (inlay, onlay) Herstellung | Endodontie: Wurzelbehandlung\",\"breadcrumb\":{\"@id\":\"https:\/\/lexodont.hu\/de\/listepreis\/#breadcrumb\"},\"inLanguage\":\"de-DE\",\"potentialAction\":[{\"@type\":\"ReadAction\",\"target\":[\"https:\/\/lexodont.hu\/de\/listepreis\/\"]}]},{\"@type\":\"BreadcrumbList\",\"@id\":\"https:\/\/lexodont.hu\/de\/listepreis\/#breadcrumb\",\"itemListElement\":[{\"@type\":\"ListItem\",\"position\":1,\"name\":\"Home\",\"item\":\"https:\/\/lexodont.hu\/de\/\"},{\"@type\":\"ListItem\",\"position\":2,\"name\":\"Listepreis\"}]},{\"@type\":\"WebSite\",\"@id\":\"https:\/\/lexodont.hu\/de\/#website\",\"url\":\"https:\/\/lexodont.hu\/de\/\",\"name\":\"Lexodont Fogorvosi Rendel\u0151\",\"description\":\"Lexodont Zahnarztpraxis\",\"potentialAction\":[{\"@type\":\"SearchAction\",\"target\":{\"@type\":\"EntryPoint\",\"urlTemplate\":\"https:\/\/lexodont.hu\/de\/?s={search_term_string}\"},\"query-input\":\"required name=search_term_string\"}],\"inLanguage\":\"de-DE\"}]}<\/script>\n<!-- \/ Yoast SEO plugin. -->","yoast_head_json":{"title":"Listepreis - Lexodont Zahnarztpraxis","description":"Parodontologie: die Z\u00e4hne tragende Gewebe mit nicht chirurgischer und chirurgischer Behandlung | Konservierende Zahnmedizin: Plombieren, Einlagen (inlay, onlay) Herstellung | Endodontie: Wurzelbehandlung","robots":{"index":"index","follow":"follow","max-snippet":"max-snippet:-1","max-image-preview":"max-image-preview:large","max-video-preview":"max-video-preview:-1"},"canonical":"https:\/\/lexodont.hu\/de\/listepreis\/","og_locale":"de_DE","og_type":"article","og_title":"Listepreis - Lexodont Zahnarztpraxis","og_description":"Parodontologie: die Z\u00e4hne tragende Gewebe mit nicht chirurgischer und chirurgischer Behandlung | Konservierende Zahnmedizin: Plombieren, Einlagen (inlay, onlay) Herstellung | Endodontie: Wurzelbehandlung","og_url":"https:\/\/lexodont.hu\/de\/listepreis\/","og_site_name":"Lexodont Zahnarztpraxis","article_modified_time":"2025-02-16T22:15:21+00:00","og_image":[{"width":1800,"height":1200,"url":"https:\/\/lexodont.hu\/uploads\/2024\/02\/rendelo-1.jpg","type":"image\/jpeg"}],"twitter_card":"summary_large_image","twitter_misc":{"Est. reading time":"2 minutes"},"schema":{"@context":"https:\/\/schema.org","@graph":[{"@type":"WebPage","@id":"https:\/\/lexodont.hu\/de\/listepreis\/","url":"https:\/\/lexodont.hu\/de\/listepreis\/","name":"Listepreis - Lexodont Zahnarztpraxis","isPartOf":{"@id":"https:\/\/lexodont.hu\/de\/#website"},"datePublished":"2024-01-25T10:30:59+00:00","dateModified":"2025-02-16T22:15:21+00:00","description":"Parodontologie: die Z\u00e4hne tragende Gewebe mit nicht chirurgischer und chirurgischer Behandlung | Konservierende Zahnmedizin: Plombieren, Einlagen (inlay, onlay) Herstellung | Endodontie: Wurzelbehandlung","breadcrumb":{"@id":"https:\/\/lexodont.hu\/de\/listepreis\/#breadcrumb"},"inLanguage":"de-DE","potentialAction":[{"@type":"ReadAction","target":["https:\/\/lexodont.hu\/de\/listepreis\/"]}]},{"@type":"BreadcrumbList","@id":"https:\/\/lexodont.hu\/de\/listepreis\/#breadcrumb","itemListElement":[{"@type":"ListItem","position":1,"name":"Home","item":"https:\/\/lexodont.hu\/de\/"},{"@type":"ListItem","position":2,"name":"Listepreis"}]},{"@type":"WebSite","@id":"https:\/\/lexodont.hu\/de\/#website","url":"https:\/\/lexodont.hu\/de\/","name":"Lexodont Fogorvosi Rendel\u0151","description":"Lexodont Zahnarztpraxis","potentialAction":[{"@type":"SearchAction","target":{"@type":"EntryPoint","urlTemplate":"https:\/\/lexodont.hu\/de\/?s={search_term_string}"},"query-input":"required name=search_term_string"}],"inLanguage":"de-DE"}]}},"_links":{"self":[{"href":"https:\/\/lexodont.hu\/de\/wp-json\/wp\/v2\/pages\/136"}],"collection":[{"href":"https:\/\/lexodont.hu\/de\/wp-json\/wp\/v2\/pages"}],"about":[{"href":"https:\/\/lexodont.hu\/de\/wp-json\/wp\/v2\/types\/page"}],"author":[{"embeddable":true,"href":"https:\/\/lexodont.hu\/de\/wp-json\/wp\/v2\/users\/1"}],"replies":[{"embeddable":true,"href":"https:\/\/lexodont.hu\/de\/wp-json\/wp\/v2\/comments?post=136"}],"version-history":[{"count":3,"href":"https:\/\/lexodont.hu\/de\/wp-json\/wp\/v2\/pages\/136\/revisions"}],"predecessor-version":[{"id":354,"href":"https:\/\/lexodont.hu\/de\/wp-json\/wp\/v2\/pages\/136\/revisions\/354"}],"wp:featuredmedia":[{"embeddable":true,"href":"https:\/\/lexodont.hu\/de\/wp-json\/wp\/v2\/media\/249"}],"wp:attachment":[{"href":"https:\/\/lexodont.hu\/de\/wp-json\/wp\/v2\/media?parent=136"}],"curies":[{"name":"wp","href":"https:\/\/api.w.org\/{rel}","templated":true}]}}